{"id":30,"date":"2022-07-27T10:06:32","date_gmt":"2022-07-27T08:06:32","guid":{"rendered":"http:\/\/source.wpopal.com\/delicioz\/?page_id=30"},"modified":"2022-09-15T13:20:34","modified_gmt":"2022-09-15T11:20:34","slug":"home","status":"publish","type":"page","link":"https:\/\/indian-tadka.pl\/","title":{"rendered":"Home"},"content":{"rendered":"\t\t<div data-elementor-type=\"wp-page\" data-elementor-id=\"30\" class=\"elementor elementor-30\">\n\t\t\t\t\t\t<div class=\"elementor-section elementor-top-section elementor-element elementor-element-22e2865 elementor-section-stretched elementor-section-boxed elementor-section-height-default elementor-section-height-default\" data-id=\"22e2865\" data-element_type=\"section\" id=\"onas\" data-settings=\"{&quot;stretch_section&quot;:&quot;section-stretched&quot;,&quot;background_background&quot;:&quot;classic&quot;}\">\n\t\t\t\t\t\t\t<div class=\"elementor-background-overlay\"><\/div>\n\t\t\t\t\t\t\t<div class=\"elementor-container elementor-column-gap-no\">\n\t\t\t\t\t<div class=\"elementor-column elementor-col-33 elementor-top-column elementor-element elementor-element-63b1492\" data-id=\"63b1492\" data-element_type=\"column\">\n\t\t\t<div class=\"elementor-widget-wrap elementor-element-populated\">\n\t\t\t\t\t\t<div class=\"elementor-element elementor-element-c5dbea8 show-icon-deco-yes show-button-link-yes elementor-position-top elementor-position-below elementor-vertical-align-top elementor-invisible elementor-widget elementor-widget-image-box\" data-id=\"c5dbea8\" data-element_type=\"widget\" data-settings=\"{&quot;_animation&quot;:&quot;fadeInLeft&quot;}\" data-widget_type=\"image-box.default\">\n\t\t\t\t<div class=\"elementor-widget-container\">\n\t\t\t<style>.elementor-widget-image-box .elementor-image-box-content{width:100%}@media (min-width:768px){.elementor-widget-image-box.elementor-position-left .elementor-image-box-wrapper,.elementor-widget-image-box.elementor-position-right .elementor-image-box-wrapper{display:flex}.elementor-widget-image-box.elementor-position-right .elementor-image-box-wrapper{text-align:right;flex-direction:row-reverse}.elementor-widget-image-box.elementor-position-left .elementor-image-box-wrapper{text-align:left;flex-direction:row}.elementor-widget-image-box.elementor-position-top .elementor-image-box-img{margin:auto}.elementor-widget-image-box.elementor-vertical-align-top .elementor-image-box-wrapper{align-items:flex-start}.elementor-widget-image-box.elementor-vertical-align-middle .elementor-image-box-wrapper{align-items:center}.elementor-widget-image-box.elementor-vertical-align-bottom .elementor-image-box-wrapper{align-items:flex-end}}@media (max-width:767px){.elementor-widget-image-box .elementor-image-box-img{margin-left:auto!important;margin-right:auto!important;margin-bottom:15px}}.elementor-widget-image-box .elementor-image-box-img{display:inline-block}.elementor-widget-image-box .elementor-image-box-title a{color:inherit}.elementor-widget-image-box .elementor-image-box-wrapper{text-align:center}.elementor-widget-image-box .elementor-image-box-description{margin:0}<\/style><div class=\"elementor-image-box-wrapper\"><div class=\"elementor-image-box-content\"><div class=\"icon\"><\/div><h3 class=\"elementor-image-box-title\"><a href=\"https:\/\/indian-tadka.pl\/indian-tadka-menu.pdf\" target=\"_blank\">Poznaj Indian Tadka!<\/a><\/h3><div class=\"elementor-image-box-sub-title\">RESTAURACJA INDYJSKA<\/div><p class=\"elementor-image-box-description\">Kuchnia Indii s\u0142ynie z najwi\u0119kszej ilo\u015bci przypraw, kt\u00f3re zdobi\u0105 swym aromatem wspania\u0142e dania. W naszej kuchni to na nich skupiamy najwi\u0119ksz\u0105 uwag\u0119. S\u0142owo tadka oznacza \"hartowanie\". To w\u0142a\u015bnie dzi\u0119ki zabiegowi pra\u017cenia przypraw wydzielaj\u0105 si\u0119 olejki eteryczne, kt\u00f3re podkre\u015blaj\u0105 smak i aromat naszych da\u0144. Spr\u00f3buj Indii na talerzu!<\/p><div class=\"elementor-image-box-button-wrapper\"><a href=\"https:\/\/indian-tadka.pl\/indian-tadka-menu.pdf\" target=\"_blank\" class=\"elementor-image-box-button\"><span class=\"elementor-image-box-button-text\"> Zobacz menu<\/span><\/a><\/div><\/div><\/div>\t\t<\/div>\n\t\t\t\t<\/div>\n\t\t\t\t\t<\/div>\n\t\t<\/div>\n\t\t\t\t<div class=\"elementor-column elementor-col-33 elementor-top-column elementor-element elementor-element-41170e4\" data-id=\"41170e4\" data-element_type=\"column\">\n\t\t\t<div class=\"elementor-widget-wrap\">\n\t\t\t\t\t\t\t<\/div>\n\t\t<\/div>\n\t\t\t\t<div class=\"elementor-column elementor-col-33 elementor-top-column elementor-element elementor-element-5ee24cf\" data-id=\"5ee24cf\" data-element_type=\"column\">\n\t\t\t<div class=\"elementor-widget-wrap elementor-element-populated\">\n\t\t\t\t\t\t<div class=\"elementor-element elementor-element-3be7f74 elementor-widget__width-initial elementor-invisible elementor-widget elementor-widget-image\" data-id=\"3be7f74\" data-element_type=\"widget\" data-settings=\"{&quot;_animation&quot;:&quot;fadeInRight&quot;}\" data-widget_type=\"image.default\">\n\t\t\t\t<div class=\"elementor-widget-container\">\n\t\t\t<style>\/*! elementor - v3.19.0 - 28-02-2024 *\/\n.elementor-widget-image{text-align:center}.elementor-widget-image a{display:inline-block}.elementor-widget-image a img[src$=\".svg\"]{width:48px}.elementor-widget-image img{vertical-align:middle;display:inline-block}<\/style>\t\t\t\t\t\t\t\t\t\t<img fetchpriority=\"high\" decoding=\"async\" width=\"1000\" height=\"1000\" src=\"https:\/\/indian-tadka.pl\/wp-content\/uploads\/2022\/09\/curry_1.jpg\" class=\"attachment-full size-full wp-image-6608\" alt=\"\" srcset=\"https:\/\/indian-tadka.pl\/wp-content\/uploads\/2022\/09\/curry_1.jpg 1000w, https:\/\/indian-tadka.pl\/wp-content\/uploads\/2022\/09\/curry_1-300x300.jpg 300w, https:\/\/indian-tadka.pl\/wp-content\/uploads\/2022\/09\/curry_1-150x150.jpg 150w, https:\/\/indian-tadka.pl\/wp-content\/uploads\/2022\/09\/curry_1-768x768.jpg 768w\" sizes=\"(max-width: 1000px) 100vw, 1000px\" \/>\t\t\t\t\t\t\t\t\t\t\t\t\t<\/div>\n\t\t\t\t<\/div>\n\t\t\t\t\t<\/div>\n\t\t<\/div>\n\t\t\t\t\t<\/div>\n\t\t<\/div>\n\t\t\t\t<div class=\"elementor-section elementor-top-section elementor-element elementor-element-0c0b4c6 elementor-section-stretched elementor-reverse-tablet elementor-reverse-mobile_extra elementor-reverse-mobile elementor-section-boxed elementor-section-height-default elementor-section-height-default\" data-id=\"0c0b4c6\" data-element_type=\"section\" id=\"menu\" data-settings=\"{&quot;stretch_section&quot;:&quot;section-stretched&quot;,&quot;background_background&quot;:&quot;classic&quot;}\">\n\t\t\t\t\t\t\t<div class=\"elementor-background-overlay\"><\/div>\n\t\t\t\t\t\t\t<div class=\"elementor-container elementor-column-gap-no\">\n\t\t\t\t\t<div class=\"elementor-column elementor-col-33 elementor-top-column elementor-element elementor-element-dc8bb38\" data-id=\"dc8bb38\" data-element_type=\"column\">\n\t\t\t<div class=\"elementor-widget-wrap elementor-element-populated\">\n\t\t\t\t\t\t<div class=\"elementor-element elementor-element-aa4fb13 elementor-widget__width-initial elementor-invisible elementor-widget elementor-widget-image\" data-id=\"aa4fb13\" data-element_type=\"widget\" data-settings=\"{&quot;_animation&quot;:&quot;fadeInLeft&quot;}\" data-widget_type=\"image.default\">\n\t\t\t\t<div class=\"elementor-widget-container\">\n\t\t\t\t\t\t\t\t\t\t\t\t\t<img decoding=\"async\" width=\"1000\" height=\"1000\" src=\"https:\/\/indian-tadka.pl\/wp-content\/uploads\/2022\/09\/curry_2.jpg\" class=\"attachment-full size-full wp-image-6609\" alt=\"\" srcset=\"https:\/\/indian-tadka.pl\/wp-content\/uploads\/2022\/09\/curry_2.jpg 1000w, https:\/\/indian-tadka.pl\/wp-content\/uploads\/2022\/09\/curry_2-300x300.jpg 300w, https:\/\/indian-tadka.pl\/wp-content\/uploads\/2022\/09\/curry_2-150x150.jpg 150w, https:\/\/indian-tadka.pl\/wp-content\/uploads\/2022\/09\/curry_2-768x768.jpg 768w\" sizes=\"(max-width: 1000px) 100vw, 1000px\" \/>\t\t\t\t\t\t\t\t\t\t\t\t\t<\/div>\n\t\t\t\t<\/div>\n\t\t\t\t\t<\/div>\n\t\t<\/div>\n\t\t\t\t<div class=\"elementor-column elementor-col-33 elementor-top-column elementor-element elementor-element-35346bf\" data-id=\"35346bf\" data-element_type=\"column\">\n\t\t\t<div class=\"elementor-widget-wrap\">\n\t\t\t\t\t\t\t<\/div>\n\t\t<\/div>\n\t\t\t\t<div class=\"elementor-column elementor-col-33 elementor-top-column elementor-element elementor-element-f913322\" data-id=\"f913322\" data-element_type=\"column\">\n\t\t\t<div class=\"elementor-widget-wrap elementor-element-populated\">\n\t\t\t\t\t\t<div class=\"elementor-element elementor-element-183c897 show-icon-deco-yes show-button-link-yes elementor-position-top elementor-position-below elementor-vertical-align-top elementor-invisible elementor-widget elementor-widget-image-box\" data-id=\"183c897\" data-element_type=\"widget\" data-settings=\"{&quot;_animation&quot;:&quot;fadeInRight&quot;}\" data-widget_type=\"image-box.default\">\n\t\t\t\t<div class=\"elementor-widget-container\">\n\t\t\t<div class=\"elementor-image-box-wrapper\"><div class=\"elementor-image-box-content\"><div class=\"icon\"><\/div><h3 class=\"elementor-image-box-title\"><a href=\"https:\/\/indian-tadka.pl\/indian-tadka-menu.pdf\" target=\"_blank\">Menu Indian Tadka!<\/a><\/h3><div class=\"elementor-image-box-sub-title\">RESTAURACJA INDYJSKA<\/div><p class=\"elementor-image-box-description\">W naszym menu znajdziesz pe\u0142ne pachn\u0105cych przypraw dania, spr\u00f3bujesz domowych chlebk\u00f3w oraz napijesz si\u0119 napoj\u00f3w przyrz\u0105dzanych wed\u0142ug tradycyjnych, indyjskich przepis\u00f3w. Poznaj nasze menu!<\/p><div class=\"elementor-image-box-button-wrapper\"><a href=\"https:\/\/indian-tadka.pl\/indian-tadka-menu.pdf\" target=\"_blank\" class=\"elementor-image-box-button\"><span class=\"elementor-image-box-button-text\"> Zobacz menu<\/span><\/a><\/div><\/div><\/div>\t\t<\/div>\n\t\t\t\t<\/div>\n\t\t\t\t\t<\/div>\n\t\t<\/div>\n\t\t\t\t\t<\/div>\n\t\t<\/div>\n\t\t\t\t<\/div>\n\t\t","protected":false},"excerpt":{"rendered":"<p>Poznaj Indian Tadka! RESTAURACJA INDYJSKA Kuchnia Indii s\u0142ynie z najwi\u0119kszej ilo\u015bci przypraw, kt\u00f3re zdobi\u0105 swym aromatem wspania\u0142e dania. W naszej kuchni to na nich skupiamy najwi\u0119ksz\u0105 uwag\u0119. S\u0142owo tadka oznacza &#8222;hartowanie&#8221;. To w\u0142a\u015bnie dzi\u0119ki zabiegowi pra\u017cenia przypraw wydzielaj\u0105 si\u0119 olejki eteryczne, kt\u00f3re podkre\u015blaj\u0105 smak i aromat naszych da\u0144. Spr\u00f3buj Indii na talerzu! Zobacz menu Menu [&hellip;]<\/p>\n","protected":false},"author":1,"featured_media":0,"parent":0,"menu_order":0,"comment_status":"closed","ping_status":"closed","template":"template-homepage.php","meta":{"inline_featured_image":false,"footnotes":""},"class_list":["post-30","page","type-page","status-publish","hentry"],"_links":{"self":[{"href":"https:\/\/indian-tadka.pl\/index.php\/wp-json\/wp\/v2\/pages\/30","targetHints":{"allow":["GET"]}}],"collection":[{"href":"https:\/\/indian-tadka.pl\/index.php\/wp-json\/wp\/v2\/pages"}],"about":[{"href":"https:\/\/indian-tadka.pl\/index.php\/wp-json\/wp\/v2\/types\/page"}],"author":[{"embeddable":true,"href":"https:\/\/indian-tadka.pl\/index.php\/wp-json\/wp\/v2\/users\/1"}],"replies":[{"embeddable":true,"href":"https:\/\/indian-tadka.pl\/index.php\/wp-json\/wp\/v2\/comments?post=30"}],"version-history":[{"count":3,"href":"https:\/\/indian-tadka.pl\/index.php\/wp-json\/wp\/v2\/pages\/30\/revisions"}],"predecessor-version":[{"id":6749,"href":"https:\/\/indian-tadka.pl\/index.php\/wp-json\/wp\/v2\/pages\/30\/revisions\/6749"}],"wp:attachment":[{"href":"https:\/\/indian-tadka.pl\/index.php\/wp-json\/wp\/v2\/media?parent=30"}],"curies":[{"name":"wp","href":"https:\/\/api.w.org\/{rel}","templated":true}]}}